{"id":8,"date":"2026-05-07T16:41:56","date_gmt":"2026-05-07T16:41:56","guid":{"rendered":"https:\/\/huernerholzbau.ch\/?page_id=8"},"modified":"2026-05-07T18:18:53","modified_gmt":"2026-05-07T18:18:53","slug":"huerner-holzbau","status":"publish","type":"page","link":"https:\/\/huernerholzbau.ch\/","title":{"rendered":"H\u00fcrner Holzbau"},"content":{"rendered":"\n<div class=\"wp-block-columns is-layout-flex wp-container-core-columns-is-layout-28f84493 wp-block-columns-is-layout-flex\">\n<div class=\"wp-block-column is-layout-flow wp-block-column-is-layout-flow\" style=\"flex-basis:25%\"><\/div>\n\n\n\n<div class=\"wp-block-column is-layout-flow wp-block-column-is-layout-flow\" style=\"flex-basis:50%\">\n<h4 class=\"wp-block-heading\">H\u00fcrner Holzbau<\/h4>\n\n\n\n<p>Kasper H\u00fcrner<br>079 245 28 42<br><a href=\"mailto:info@huernerholzbau.ch\">info@huernerholzbau.ch<\/a><\/p>\n\n\n\n<p>Zelgstrasse 9<br>8212 Neuhausen am Rheinfall<\/p>\n\n\n\n<p><\/p>\n\n\n\n<hr class=\"wp-block-separator has-text-color has-alpha-channel-opacity has-background is-style-wide\" style=\"margin-top:var(--wp--preset--spacing--50);margin-bottom:var(--wp--preset--spacing--50);background-color:#fcf1e6;color:#fcf1e6\"\/>\n\n\n\n<p><strong>Freelancer f\u00fcr Holzbau, Dach &amp; Photovoltaik<\/strong><\/p>\n\n\n\n<p>Flexibler Fachmann f\u00fcr nachhaltige Bauprojekte. Unterst\u00fctzung f\u00fcr Betriebe und Privatkunden \u2013 projektbezogen oder tageweise, im Team oder selbstst\u00e4ndig umgesetzt.<\/p>\n\n\n\n<p><strong>Leistungen<\/strong><\/p>\n\n\n\n<ul class=\"wp-block-list\">\n<li>Holzbau &amp; Zimmerei (Montage, Aufrichten, Elementbau)<\/li>\n\n\n\n<li>Dacharbeiten (Steil- und Flachdach, Sanierungen)<\/li>\n\n\n\n<li>Photovoltaik (Montage &amp; Integration)<\/li>\n\n\n\n<li>Sanierungen &amp; Altbau (Umbau, Anpassungen im Bestand)<\/li>\n\n\n\n<li>Innenausbau &amp; Aussenbereich (Verkleidungen, Terrassen, Pergolen)<\/li>\n\n\n\n<li>Reparaturen &amp; Unterhalt<\/li>\n<\/ul>\n\n\n\n<p><strong>Einsatz &amp; Zusammenarbeit<\/strong><\/p>\n\n\n\n<ul class=\"wp-block-list\">\n<li>Tempor\u00e4re Unterst\u00fctzung f\u00fcr Betriebe<\/li>\n\n\n\n<li>Mitarbeit im Team oder eigenst\u00e4ndige Ausf\u00fchrung<\/li>\n\n\n\n<li>Flexibel buchbar (tageweise oder projektbezogen)<\/li>\n<\/ul>\n\n\n\n<p><strong>St\u00e4rken<\/strong><\/p>\n\n\n\n<ul class=\"wp-block-list\">\n<li>Erfahrung in Holzbau, Dach und PV<\/li>\n\n\n\n<li>Spezialisierung auf Altbau und nachhaltiges Bauen<\/li>\n\n\n\n<li>Zuverl\u00e4ssige, saubere und pr\u00e4zise Ausf\u00fchrung<\/li>\n\n\n\n<li>Schnell einsatzbereit und anpassungsf\u00e4hig<\/li>\n<\/ul>\n\n\n\n<p><strong>F\u00fcr wen<\/strong><\/p>\n\n\n\n<ul class=\"wp-block-list\">\n<li>Privatkunden<\/li>\n\n\n\n<li>Holzbau- und Dachdeckerbetriebe<\/li>\n\n\n\n<li>Solarteure<\/li>\n\n\n\n<li>Architekten &amp; Bauleitungen<\/li>\n<\/ul>\n\n\n\n<p><\/p>\n\n\n\n<p><\/p>\n<\/div>\n\n\n\n<div class=\"wp-block-column is-layout-flow wp-block-column-is-layout-flow\" style=\"flex-basis:25%\"><\/div>\n<\/div>\n\n\n\n<p><\/p>\n","protected":false},"excerpt":{"rendered":"<p>H\u00fcrner Holzbau Kasper H\u00fcrner079 245 28 42info@huernerholzbau.ch Zelgstrasse 98212 Neuhausen am Rheinfall Freelancer f\u00fcr Holzbau, Dach &amp; Photovoltaik Flexibler Fachmann f\u00fcr nachhaltige Bauprojekte. Unterst\u00fctzung f\u00fcr Betriebe und Privatkunden \u2013 projektbezogen oder tageweise, im Team oder selbstst\u00e4ndig umgesetzt. Leistungen Einsatz &amp; Zusammenarbeit St\u00e4rken F\u00fcr wen<\/p>\n","protected":false},"author":1,"featured_media":0,"parent":0,"menu_order":0,"comment_status":"closed","ping_status":"closed","template":"","meta":{"footnotes":""},"class_list":["post-8","page","type-page","status-publish","hentry"],"blocksy_meta":[],"_links":{"self":[{"href":"https:\/\/huernerholzbau.ch\/index.php?rest_route=\/wp\/v2\/pages\/8","targetHints":{"allow":["GET"]}}],"collection":[{"href":"https:\/\/huernerholzbau.ch\/index.php?rest_route=\/wp\/v2\/pages"}],"about":[{"href":"https:\/\/huernerholzbau.ch\/index.php?rest_route=\/wp\/v2\/types\/page"}],"author":[{"embeddable":true,"href":"https:\/\/huernerholzbau.ch\/index.php?rest_route=\/wp\/v2\/users\/1"}],"replies":[{"embeddable":true,"href":"https:\/\/huernerholzbau.ch\/index.php?rest_route=%2Fwp%2Fv2%2Fcomments&post=8"}],"version-history":[{"count":5,"href":"https:\/\/huernerholzbau.ch\/index.php?rest_route=\/wp\/v2\/pages\/8\/revisions"}],"predecessor-version":[{"id":20,"href":"https:\/\/huernerholzbau.ch\/index.php?rest_route=\/wp\/v2\/pages\/8\/revisions\/20"}],"wp:attachment":[{"href":"https:\/\/huernerholzbau.ch\/index.php?rest_route=%2Fwp%2Fv2%2Fmedia&parent=8"}],"curies":[{"name":"wp","href":"https:\/\/api.w.org\/{rel}","templated":true}]}}